{"id":278,"date":"2015-03-20T17:26:20","date_gmt":"2015-03-20T16:26:20","guid":{"rendered":"http:\/\/maennep.web.fh-koeln.de\/?page_id=278"},"modified":"2015-08-30T08:58:03","modified_gmt":"2015-08-30T06:58:03","slug":"presse","status":"publish","type":"page","link":"https:\/\/maennep.web.th-koeln.de\/?page_id=278","title":{"rendered":"Presse"},"content":{"rendered":"<h3><span style=\"color: #008000;\">B\u00f6cklerimpuls<\/span><\/h3>\n<p>In der aktuellen Ausgabe 09\/15 des B\u00f6cklerimpuls werden die Ergebnisse der Studie &#8222;M\u00e4nner zwischen Erwerbst\u00e4tigkeit und Pflege&#8220; dargestellt. Unter dem nachfolgenden Link k\u00f6nnen Sie die Datei abrufen:<\/p>\n<p><a href=\"http:\/\/www.boeckler.de\/impuls_2015_09_3.pdf\">http:\/\/www.boeckler.de\/impuls_2015_09_3.pdf<\/a><\/p>\n<p>&nbsp;<\/p>\n<h3><span style=\"color: #008000;\"><a href=\"http:\/\/maennep.web.fh-koeln.de\/wp-content\/uploads\/2015\/03\/Unbenannt.png\"><img loading=\"lazy\" decoding=\"async\" class=\"wp-image-349 alignleft\" src=\"http:\/\/maennep.web.fh-koeln.de\/wp-content\/uploads\/2015\/03\/Unbenannt-300x290.png\" alt=\"Unbenannt\" width=\"170\" height=\"164\" srcset=\"https:\/\/maennep.web.th-koeln.de\/wp-content\/uploads\/2015\/03\/Unbenannt-300x290.png 300w, https:\/\/maennep.web.th-koeln.de\/wp-content\/uploads\/2015\/03\/Unbenannt.png 549w\" sizes=\"auto, (max-width: 170px) 100vw, 170px\" \/><\/a>Pressemitteilung zum M\u00c4NNEP-Projekt<br \/>\n<\/span><\/h3>\n<p>Eine Pressemitteilung der Hochschule D\u00fcsseldorf, FH K\u00f6ln und der Justus-Liebig-Universit\u00e4t Gie\u00dfen wurde auf der Internetseite der Hochschule D\u00fcsseldorf formuliert:<\/p>\n<p><a href=\"http:\/\/soz-kult.hs-duesseldorf.de\/aktuelles\/20150812?showarrows=1&amp;sid=zndykyqwvrnyryob0lz5zrzp\">http:\/\/soz-kult.hs-duesseldorf.de\/aktuelles\/20150812?showarrows=1&amp;sid=zndykyqwvrnyryob0lz5zrzp<\/a><\/p>\n<h3><\/h3>\n<p>&nbsp;<\/p>\n<h3><span style=\"color: #008000;\">Presseresonanz zum Forschungsprojekt<\/span><\/h3>\n<ul>\n<li>In \u201eH\u00e4usliche Pflege.net\u201c wurde am 12.08.2015 folgender Beitrag unter dem Titel \u201eDer Anteil pflegender S\u00f6hne hat sich verdoppelt\u201c ver\u00f6ffentlicht:<br \/>\n<a href=\"http:\/\/www.haeusliche-pflege.net\/Infopool\/Nachrichten\/Der-Anteil-pflegender-Soehne-hat-sich-verdoppelt\">http:\/\/www.haeusliche-pflege.net\/Infopool\/Nachrichten\/Der-Anteil-pflegender-Soehne-hat-sich-verdoppelt<\/a><\/li>\n<li>Auf der Website \u201e\u00c4rzteblatt.de\u201c wurde ein Artikel \u201eImmer mehr erwerbst\u00e4tige M\u00e4nner unter den pflegenden Angeh\u00f6rigen\u201c am Mittwoch, den 12.08.2015 ver\u00f6ffentlicht: <a href=\"http:\/\/www.aerzteblatt.de\/nachrichten\/63780\/Immer-mehr-erwerbstaetige-Maenner-unter-den-pflegenden-Angehoerigen\">http:\/\/www.aerzteblatt.de\/nachrichten\/63780\/Immer-mehr-erwerbstaetige-Maenner-unter-den-pflegenden-Angehoerigen<\/a><\/li>\n<li>\u201eDer Standart.at\u201c publizierte am 12.08.2015 \u201eBeruf und Pflege: M\u00e4nner strategischer als Frauen\u201c. Der Artikel ist unter folgenden Link nachzulesen: <a href=\"http:\/\/derstandard.at\/2000020610448\/Maenner-pflegen-anders\">http:\/\/derstandard.at\/2000020610448\/Maenner-pflegen-anders<\/a><\/li>\n<li>Am 12.08.2015 wurde auf der Internetseite \u201eMedizin Aspekte.de\u201c unter dem Titel \u201eForschungsergebnisse zum Projekt: Erwerbst\u00e4tige M\u00e4nner und pflegebed\u00fcrftige Angeh\u00f6rige\u201c ein Artikel ver\u00f6ffentlicht:<br \/>\n<a href=\"http:\/\/medizin-aspekte.de\/forschungsergebnisse-zum-projekt-erwerbstaetige-maenner-und-pflegebeduerftige-angehoerige\/\">http:\/\/medizin-aspekte.de\/forschungsergebnisse-zum-projekt-erwerbstaetige-maenner-und-pflegebeduerftige-angehoerige\/<\/a><\/li>\n<li>Der gleiche Artikel ist auch zu finden unter \u201eArzt Aspekte.de\u201c unter dem Titel \u201eForschungsergebnisse zum Projekt: Erwerbst\u00e4tige M\u00e4nner und pflegebed\u00fcrftige Angeh\u00f6rige\u201c vom 12. August 2015: <a href=\"http:\/\/arzt-aspekte.de\/forschungsergebnisse-zum-projekt-erwerbstaetige-maenner-und-pflegebeduerftige-angehoerige\/\">http:\/\/arzt-aspekte.de\/forschungsergebnisse-zum-projekt-erwerbstaetige-maenner-und-pflegebeduerftige-angehoerige\/<\/a><\/li>\n<li>Auf der Website \u201eSchattenblick.de\u201c wurde am 12.08.2015 ein Artikel unter dem Titel \u201eForschungsergebnisse zum Projekt: Erwerbst\u00e4tige M\u00e4nner und pflegebed\u00fcrftige Angeh\u00f6rige\u201c ver\u00f6ffentlicht: <a href=\"http:\/\/www.schattenblick.de\/infopool\/politik\/soziales\/psfam287.html\">http:\/\/www.schattenblick.de\/infopool\/politik\/soziales\/psfam287.html<\/a><\/li>\n<li>Am 12.08.2015 stellte \u201eJura Forum.de\u201c \u201eForschungsergebnisse zum Projekt: Erwerbst\u00e4tige M\u00e4nner und pflegebed\u00fcrftige Angeh\u00f6rige\u201c unter dem folgenden Link dar:<br \/>\n<a href=\"http:\/\/www.juraforum.de\/wissenschaft\/forschungsergebnisse-zum-projekt-erwerbstaetige-maenner-und-pflegebeduerftige-angehoerige-526654\">http:\/\/www.juraforum.de\/wissenschaft\/forschungsergebnisse-zum-projekt-erwerbstaetige-maenner-und-pflegebeduerftige-angehoerige-526654<\/a><\/li>\n<li>\u201eCurado.de\u201c stellte am 13.08.2015 einen Artikel \u00fcber \u201eForschungsergebnisse zum Projekt: Erwerbst\u00e4tige M\u00e4nner und pflegebed\u00fcrftige Angeh\u00f6rige\u201c online:<br \/>\n<a href=\"http:\/\/www.curado.de\/erwerbstaetige-Maenner-und-pflegebeduerftige-angehoerige--30247\/\">http:\/\/www.curado.de\/erwerbstaetige-Maenner-und-pflegebeduerftige-angehoerige&#8211;30247\/<\/a><\/li>\n<li>Der \u201eGiessener Anzeiger\u201c ver\u00f6ffentlichte in der Hauptausgabe am 18.08.2015 einen Artikel \u201eAuch M\u00e4nner pflegen Angeh\u00f6rige\u201c:<br \/>\n<a href=\"http:\/\/www.giessener-anzeiger.de\/lokales\/hochschule\/jlu-an-studie-zur-betreuung-von-angehoerigen-durch-erwerbstaetige-beteiligt_16052198.htm\">http:\/\/www.giessener-anzeiger.de\/lokales\/hochschule\/jlu-an-studie-zur-betreuung-von-angehoerigen-durch-erwerbstaetige-beteiligt_16052198.htm<\/a><\/li>\n<\/ul>\n<p>&nbsp;<\/p>\n<h3><span style=\"color: #008000;\">Interview von Prof. Dr. Sigrid Leitner im Oktober 2014<\/span><\/h3>\n<p>Prof. Dr. Sigrid Leitner wurde neben Prof. Dr. Eckart Hammer (Professor f\u00fcr Soziale Gerontologie an der Evangelischen Hochschule Ludwigsburg) f\u00fcr das V\u00e4terportal NRW zum Thema \u201ePflegen aus Liebe \u2013 von einem Tabuthema und vielen Vorurteilen\u201c interviewt.<\/p>\n<p>Im Rahmen des Interviews stellte Prof. Dr. Leitner erste Ergebnisse aus dem Projekt \u201eM\u00e4nner zwischen Erwerbst\u00e4tigkeit und Pflege\u201c vor. So konnte die These, dass M\u00e4nner und Frauen anders pflegen, nicht best\u00e4tigt werden. Auch sie tun es h\u00e4ufig aus Liebe und wollen ihren Eltern oder ihrer Ehefrau Zuwendung zur\u00fcckgeben. Bewiesen werden konnte auch nicht, dass M\u00e4nner Pflege nur organisieren \u2013 auch sie pflegen ihre Angeh\u00f6rigen k\u00f6rperlich.<\/p>\n<p>Weitere Informationen und einen Link zum Interview auf dem V\u00e4terportal NRW vom 16.10.2014 finden Sie hier:<\/p>\n<p><a href=\"http:\/\/www.vaeter.nrw.de\/Thema_des_Monats\/Pflegen-aus-Liebe\/index.php\">http:\/\/www.vaeter.nrw.de\/Thema_des_Monats\/Pflegen-aus-Liebe\/index.php<\/a><\/p>\n<p>[Zugriff am 20.10.2014]<\/p>\n","protected":false},"excerpt":{"rendered":"<p>B\u00f6cklerimpuls In der aktuellen Ausgabe 09\/15 des B\u00f6cklerimpuls werden die Ergebnisse der Studie &#8222;M\u00e4nner zwischen Erwerbst\u00e4tigkeit und Pflege&#8220; dargestellt. Unter dem nachfolgenden Link k\u00f6nnen Sie die Datei abrufen: http:\/\/www.boeckler.de\/impuls_2015_09_3.pdf &nbsp; Pressemitteilung zum M\u00c4NNEP-Projekt Eine Pressemitteilung der Hochschule D\u00fcsseldorf, FH K\u00f6ln und der Justus-Liebig-Universit\u00e4t Gie\u00dfen wurde auf der Internetseite der Hochschule D\u00fcsseldorf formuliert: http:\/\/soz-kult.hs-duesseldorf.de\/aktuelles\/20150812?showarrows=1&amp;sid=zndykyqwvrnyryob0lz5zrzp &nbsp; Presseresonanz [&hellip;]<\/p>\n","protected":false},"author":3,"featured_media":0,"parent":0,"menu_order":60,"comment_status":"closed","ping_status":"closed","template":"","meta":{"footnotes":""},"class_list":["post-278","page","type-page","status-publish","hentry"],"_links":{"self":[{"href":"https:\/\/maennep.web.th-koeln.de\/index.php?rest_route=\/wp\/v2\/pages\/278","targetHints":{"allow":["GET"]}}],"collection":[{"href":"https:\/\/maennep.web.th-koeln.de\/index.php?rest_route=\/wp\/v2\/pages"}],"about":[{"href":"https:\/\/maennep.web.th-koeln.de\/index.php?rest_route=\/wp\/v2\/types\/page"}],"author":[{"embeddable":true,"href":"https:\/\/maennep.web.th-koeln.de\/index.php?rest_route=\/wp\/v2\/users\/3"}],"replies":[{"embeddable":true,"href":"https:\/\/maennep.web.th-koeln.de\/index.php?rest_route=%2Fwp%2Fv2%2Fcomments&post=278"}],"version-history":[{"count":7,"href":"https:\/\/maennep.web.th-koeln.de\/index.php?rest_route=\/wp\/v2\/pages\/278\/revisions"}],"predecessor-version":[{"id":358,"href":"https:\/\/maennep.web.th-koeln.de\/index.php?rest_route=\/wp\/v2\/pages\/278\/revisions\/358"}],"wp:attachment":[{"href":"https:\/\/maennep.web.th-koeln.de\/index.php?rest_route=%2Fwp%2Fv2%2Fmedia&parent=278"}],"curies":[{"name":"wp","href":"https:\/\/api.w.org\/{rel}","templated":true}]}}